{"id":1210,"date":"2018-11-27T11:41:21","date_gmt":"2018-11-27T11:41:21","guid":{"rendered":"https:\/\/demo-content.kaliumtheme.com\/medical\/?page_id=1210"},"modified":"2025-05-06T06:26:33","modified_gmt":"2025-05-06T06:26:33","slug":"edmond-gashi","status":"publish","type":"page","link":"https:\/\/medicallife.al\/en\/edmond-gashi\/","title":{"rendered":"Dr. Edmond Gashi"},"content":{"rendered":"<div class=\"wpb-content-wrapper\"><div class=\"vc-row-container container\"><div class=\"vc_row wpb_row vc_row-fluid vc_custom_1543319751419\"><div class=\"wpb_column vc_column_container vc_col-sm-9\"><div class=\"vc_column-inner\"><div class=\"wpb_wrapper\">\n\t<div class=\"wpb_text_column wpb_content_element post-formatting\" >\n\t\t<div class=\"wpb_wrapper\">\n\t\t\t<h1><img loading=\"lazy\" decoding=\"async\" class=\"doctor-profile-image alignleft wp-image-1697 size-full\" src=\"https:\/\/medicallife.al\/wp-content\/uploads\/2025\/03\/edmond-gashi.jpg\" alt=\"\" width=\"380\" height=\"471\" srcset=\"https:\/\/medicallife.al\/wp-content\/uploads\/2025\/03\/edmond-gashi.jpg 380w, https:\/\/medicallife.al\/wp-content\/uploads\/2025\/03\/edmond-gashi-242x300.jpg 242w\" sizes=\"auto, (max-width: 380px) 100vw, 380px\" \/>Dr. Edmond Gashi<\/h1>\n<h4>Surgical Oncologist &amp; Senologist<\/h4>\n<hr \/>\n<p data-start=\"47\" data-end=\"734\">\u2022 In 2001, he graduated as a \u201cGeneral Practitioner\u201d at the Faculty of Medicine, University of Tirana, Albania.<br data-start=\"291\" data-end=\"294\" \/>\u2022 2008 \u2013 Specialty \u201cGeneral Surgery\u201d University of Medicine, Tirana.<br data-start=\"374\" data-end=\"377\" \/>\u2022 2018 \u2013 Specialty in the field of Oncoplasty, Turkey.<br data-start=\"431\" data-end=\"434\" \/>\u2022 2004-2008 \u2013 Worked in the Department of General Surgery \u201cClinic III\u201d.<br data-start=\"518\" data-end=\"521\" \/>\u2022 2008 \u2013 Until today, he works as a Surgical Oncologist-Senologist, &#034;Mother Teresa&#034; University Hospital Center, Oncology Department.<br data-start=\"646\" data-end=\"649\" \/>\u2022 Currently completing specialization for the title of &#034;Doctor of Science&#034; on the topic of Sarcomas.<\/p>\n<p data-start=\"736\" data-end=\"1892\"><strong data-start=\"736\" data-end=\"758\">Additional Activities:<\/strong><br data-start=\"758\" data-end=\"761\" \/>\u2022 Member of the \u201cMedical Order of Physicians\u201d.<br data-start=\"802\" data-end=\"805\" \/>\u2022 2012 \u2013 Member of the Albanian Society of Oncology.<br data-start=\"857\" data-end=\"860\" \/>\u2022 2012 \u2013 Member of \u201cEuropean School of Oncology\u201d.<br data-start=\"908\" data-end=\"911\" \/>\u2022 November 2012 \u2013 \u201cKey points on cancer prevention, screening, diagnosis and treatment\u201d.<br data-start=\"1014\" data-end=\"1017\" \/>\u2022 2013 \u2013 \u201c21st Surgical Conference: Cervical Cancer: Prevention, Diagnosis and Treatment\u201d.<br data-start=\"1121\" data-end=\"1124\" \/>\u2022 2014 \u2013 \u201cOncologists Meeting\u201d offered by Acibadem University and Acibadem Healthcare Group Istanbul, Turkey.<br data-start=\"1234\" data-end=\"1237\" \/>\u2022 2016 \u2013 3rd EUASSO Congress: \u201cInnovations and New Technologies in Oncological Surgery\u201d.<br data-start=\"1334\" data-end=\"1337\" \/>\u2022 2017 \u2013 PET.CT: From Clinical Practice to New Frontiers in Oncology.<br data-start=\"1405\" data-end=\"1408\" \/>\u2022 2018 \u2013 \u201cMelanoma in our experience\u201d.<br data-start=\"1449\" data-end=\"1452\" \/>\u2022 2020 \u2013 \u201cVirtual International Breast Cancer Conference in Istanbul (Breastanbul)\u201d.<br data-start=\"1544\" data-end=\"1547\" \/>\u2022 2021 \u2013 \u201cDealing with Major Surgeries during the Covid-19 Pandemic\u201d.<br data-start=\"1620\" data-end=\"1623\" \/>\u2022 2022 \u2013 ESO: \u201cEuropean School of Oncology Visiting Professor Meeting on Impact of Radiation Oncology Advanced Techniques on Clinical Outcome in Solid Tumors\u201d.<br data-start=\"1782\" data-end=\"1785\" \/>\u2022 2023 \u2013 \u201c8th Oncology Congress\u201d.<br data-start=\"1826\" data-end=\"1829\" \/>\u2022 2023 \u2013 \u201cGulf Imaging Masterclass\u201d, Tirana, Albania.<\/p>\n<p data-start=\"1894\" data-end=\"2080\"><strong data-start=\"1894\" data-end=\"1924\">Practices the profession near:<\/strong><br data-start=\"1924\" data-end=\"1927\" \/>&#034;MOTHER TERESA&#034; University Hospital Center, Oncologist-Senologist Surgeon, Oncology Department.<br data-start=\"2019\" data-end=\"2022\" \/>It is known for the highest number of oncological surgeries.<\/p>\n\n\t\t<\/div>\n\t<\/div>\n<\/div><\/div><\/div><div class=\"sidebar-appointments wpb_column vc_column_container vc_col-sm-3\"><div class=\"vc_column-inner\"><div class=\"wpb_wrapper\"><div  class=\"wpb_widgetised_column wpb_content_element widget-area widget-area--skin-background-fill\">\n\t\t<div class=\"wpb_wrapper\">\n\t\t\t\n\t\t\t<div id=\"custom_html-3\" class=\"widget_text widget widget_custom_html\"><h2 class=\"widgettitle\">Opening Hours<\/h2>\n<div class=\"textwidget custom-html-widget\"><table class=\"sidebar-working-hours\" width=\"100%\">\n<tbody>\n<tr>\n<td><strong>Mon - Fri<\/strong><\/td>\n<td>08:00 \u2013 21:00<\/td>\n<\/tr>\n<tr>\n<td><strong>Sat<\/strong><\/td>\n<td>08:00 \u2013 20:00<\/td>\n<\/tr>\n<tr>\n<td><strong>Sun<\/strong><\/td>\n<td>Closed<\/td>\n<\/tr>\n<\/tbody>\n<\/table>\n&nbsp;\n<div class=\"emergency-button-sidebar\"><a title=\"+355 68 65 24 910\" href=\"tel:+355686524910\"><i class=\"fa fa-phone\"><\/i> \u00a0<b>+355 68 65 24 910<\/b><\/a><\/div>\n<br>\n<div class=\"emergency-button-sidebar\"><a title=\"+355 69 87 90 030\" href=\"tel:+355698790030\"><i class=\"fa fa-phone\"><\/i> \u00a0<b>+355 69 87 90 030<\/b><\/a><\/div><\/div><\/div><div id=\"nav_menu-5\" class=\"widget widget_nav_menu\"><h2 class=\"widgettitle\">Services<\/h2>\n<div class=\"menu-sherbimet-menu-container\"><ul id=\"menu-sherbimet-menu\" class=\"menu\"><li id=\"menu-item-1433\" class=\"menu-item menu-item-type-post_type menu-item-object-portfolio menu-item-1433\"><a href=\"https:\/\/medicallife.al\/en\/sherbimet-mjekesore\/onkologjia\/\">Oncology<\/a><\/li>\n<li id=\"menu-item-1524\" class=\"menu-item menu-item-type-post_type menu-item-object-portfolio menu-item-1524\"><a href=\"https:\/\/medicallife.al\/en\/sherbimet-mjekesore\/imazheria\/\">Medical Imaging<\/a><\/li>\n<li id=\"menu-item-1523\" class=\"menu-item menu-item-type-post_type menu-item-object-portfolio menu-item-1523\"><a href=\"https:\/\/medicallife.al\/en\/sherbimet-mjekesore\/reanimacioni\/\">Reanimation<\/a><\/li>\n<li id=\"menu-item-1519\" class=\"menu-item menu-item-type-post_type menu-item-object-portfolio menu-item-1519\"><a href=\"https:\/\/medicallife.al\/en\/sherbimet-mjekesore\/kardiologjia\/\">Cardiology<\/a><\/li>\n<li id=\"menu-item-1522\" class=\"menu-item menu-item-type-post_type menu-item-object-portfolio menu-item-1522\"><a href=\"https:\/\/medicallife.al\/en\/sherbimet-mjekesore\/gastrohepatologjia\/\">Gastrohepatology<\/a><\/li>\n<li id=\"menu-item-1521\" class=\"menu-item menu-item-type-post_type menu-item-object-portfolio menu-item-1521\"><a href=\"https:\/\/medicallife.al\/en\/sherbimet-mjekesore\/gjinekologjia\/\">Gynecology<\/a><\/li>\n<li id=\"menu-item-1520\" class=\"menu-item menu-item-type-post_type menu-item-object-portfolio menu-item-1520\"><a href=\"https:\/\/medicallife.al\/en\/sherbimet-mjekesore\/laboratori\/\">Laboratory<\/a><\/li>\n<\/ul><\/div><\/div>\n\t\t<\/div>\n\t<\/div>\n<\/div><\/div><\/div><\/div><\/div>\n<\/div>","protected":false},"excerpt":{"rendered":"Dr. Edmond Gashi Kirurg Onkolog &amp; Senolog \u2022 N\u00eb vitin 2001 \u00ebsht\u00eb diplomuar si \u201cMjek i P\u00ebrgjithsh\u00ebm\u201d n\u00eb Fakultetin e Mjek\u00ebsis\u00eb, Universiteti i Tiran\u00ebs, Shqip\u00ebri.\u2022 2008 - Specialitet \u201cKirurgji e P\u00ebrgjithshme\u201d Universiteti i Mjek\u00ebsis\u00eb, Tiran\u00eb.\u2022 2018 - Specialitet n\u00eb fush\u00ebn e Onkoplastik\u00ebs, Turqi.\u2022 2004-2008 - Ka punuar n\u00eb Departamentin e Kirurgjis\u00eb s\u00eb P\u00ebrgjithshme \u201cKlinika III\u201d.\u2022&hellip;","protected":false},"author":2,"featured_media":0,"parent":0,"menu_order":0,"comment_status":"closed","ping_status":"closed","template":"","meta":{"_acf_changed":false,"footnotes":""},"class_list":["post-1210","page","type-page","status-publish","hentry"],"acf":[],"yoast_head":"<!-- This site is optimized with the Yoast SEO Premium plugin v27.0 (Yoast SEO v27.0) - https:\/\/yoast.com\/product\/yoast-seo-premium-wordpress\/ -->\n<title>Dr. Edmond Gashi - Medical Life<\/title>\n<meta name=\"description\" content=\"Kirurg Onkolog &amp; Senolog\" \/>\n<meta name=\"robots\" content=\"index, follow, max-snippet:-1, max-image-preview:large, max-video-preview:-1\" \/>\n<link rel=\"canonical\" href=\"https:\/\/medicallife.al\/en\/edmond-gashi\/\" \/>\n<meta property=\"og:locale\" content=\"en_US\" \/>\n<meta property=\"og:type\" content=\"article\" \/>\n<meta property=\"og:title\" content=\"Dr. Edmond Gashi\" \/>\n<meta property=\"og:description\" content=\"Kirurg Onkolog &amp; Senolog\" \/>\n<meta property=\"og:url\" content=\"https:\/\/medicallife.al\/en\/edmond-gashi\/\" \/>\n<meta property=\"og:site_name\" content=\"Medical Life\" \/>\n<meta property=\"article:publisher\" content=\"https:\/\/www.facebook.com\/al.medicallife\/\" \/>\n<meta property=\"article:modified_time\" content=\"2025-05-06T06:26:33+00:00\" \/>\n<meta property=\"og:image\" content=\"https:\/\/medicallife.al\/wp-content\/uploads\/2025\/03\/edmond-gashi.jpg\" \/>\n\t<meta property=\"og:image:width\" content=\"380\" \/>\n\t<meta property=\"og:image:height\" content=\"471\" \/>\n\t<meta property=\"og:image:type\" content=\"image\/jpeg\" \/>\n<meta name=\"twitter:card\" content=\"summary_large_image\" \/>\n<meta name=\"twitter:label1\" content=\"Est. reading time\" \/>\n\t<meta name=\"twitter:data1\" content=\"2 minutes\" \/>\n<script type=\"application\/ld+json\" class=\"yoast-schema-graph\">{\"@context\":\"https:\/\/schema.org\",\"@graph\":[{\"@type\":\"WebPage\",\"@id\":\"https:\/\/medicallife.al\/edmond-gashi\/\",\"url\":\"https:\/\/medicallife.al\/edmond-gashi\/\",\"name\":\"Dr. Edmond Gashi - Medical Life\",\"isPartOf\":{\"@id\":\"https:\/\/medicallife.al\/#website\"},\"primaryImageOfPage\":{\"@id\":\"https:\/\/medicallife.al\/edmond-gashi\/#primaryimage\"},\"image\":{\"@id\":\"https:\/\/medicallife.al\/edmond-gashi\/#primaryimage\"},\"thumbnailUrl\":\"https:\/\/medicallife.al\/wp-content\/uploads\/2025\/03\/edmond-gashi.jpg\",\"datePublished\":\"2018-11-27T11:41:21+00:00\",\"dateModified\":\"2025-05-06T06:26:33+00:00\",\"description\":\"Kirurg Onkolog & Senolog\",\"breadcrumb\":{\"@id\":\"https:\/\/medicallife.al\/edmond-gashi\/#breadcrumb\"},\"inLanguage\":\"en-US\",\"potentialAction\":[{\"@type\":\"ReadAction\",\"target\":[\"https:\/\/medicallife.al\/edmond-gashi\/\"]}]},{\"@type\":\"ImageObject\",\"inLanguage\":\"en-US\",\"@id\":\"https:\/\/medicallife.al\/edmond-gashi\/#primaryimage\",\"url\":\"https:\/\/medicallife.al\/wp-content\/uploads\/2025\/03\/edmond-gashi.jpg\",\"contentUrl\":\"https:\/\/medicallife.al\/wp-content\/uploads\/2025\/03\/edmond-gashi.jpg\"},{\"@type\":\"BreadcrumbList\",\"@id\":\"https:\/\/medicallife.al\/edmond-gashi\/#breadcrumb\",\"itemListElement\":[{\"@type\":\"ListItem\",\"position\":1,\"name\":\"Home\",\"item\":\"https:\/\/medicallife.al\/\"},{\"@type\":\"ListItem\",\"position\":2,\"name\":\"Dr. Edmond Gashi\"}]},{\"@type\":\"WebSite\",\"@id\":\"https:\/\/medicallife.al\/#website\",\"url\":\"https:\/\/medicallife.al\/\",\"name\":\"Medical Life\",\"description\":\"\",\"publisher\":{\"@id\":\"https:\/\/medicallife.al\/#organization\"},\"potentialAction\":[{\"@type\":\"SearchAction\",\"target\":{\"@type\":\"EntryPoint\",\"urlTemplate\":\"https:\/\/medicallife.al\/?s={search_term_string}\"},\"query-input\":{\"@type\":\"PropertyValueSpecification\",\"valueRequired\":true,\"valueName\":\"search_term_string\"}}],\"inLanguage\":\"en-US\"},{\"@type\":\"Organization\",\"@id\":\"https:\/\/medicallife.al\/#organization\",\"name\":\"Medical Life\",\"url\":\"https:\/\/medicallife.al\/\",\"logo\":{\"@type\":\"ImageObject\",\"inLanguage\":\"en-US\",\"@id\":\"https:\/\/medicallife.al\/#\/schema\/logo\/image\/\",\"url\":\"https:\/\/medicallife.al\/wp-content\/uploads\/2025\/01\/medical-life.png\",\"contentUrl\":\"https:\/\/medicallife.al\/wp-content\/uploads\/2025\/01\/medical-life.png\",\"width\":342,\"height\":87,\"caption\":\"Medical Life\"},\"image\":{\"@id\":\"https:\/\/medicallife.al\/#\/schema\/logo\/image\/\"},\"sameAs\":[\"https:\/\/www.facebook.com\/al.medicallife\/\",\"https:\/\/www.instagram.com\/medicallife.al\/\",\"https:\/\/www.tiktok.com\/@medical_life12\"]}]}<\/script>\n<!-- \/ Yoast SEO Premium plugin. -->","yoast_head_json":{"title":"Dr. Edmond Gashi - Medical Life","description":"Surgical Oncologist &amp; Senologist","robots":{"index":"index","follow":"follow","max-snippet":"max-snippet:-1","max-image-preview":"max-image-preview:large","max-video-preview":"max-video-preview:-1"},"canonical":"https:\/\/medicallife.al\/en\/edmond-gashi\/","og_locale":"en_US","og_type":"article","og_title":"Dr. Edmond Gashi","og_description":"Kirurg Onkolog & Senolog","og_url":"https:\/\/medicallife.al\/en\/edmond-gashi\/","og_site_name":"Medical Life","article_publisher":"https:\/\/www.facebook.com\/al.medicallife\/","article_modified_time":"2025-05-06T06:26:33+00:00","og_image":[{"width":380,"height":471,"url":"https:\/\/medicallife.al\/wp-content\/uploads\/2025\/03\/edmond-gashi.jpg","type":"image\/jpeg"}],"twitter_card":"summary_large_image","twitter_misc":{"Est. reading time":"2 minutes"},"schema":{"@context":"https:\/\/schema.org","@graph":[{"@type":"WebPage","@id":"https:\/\/medicallife.al\/edmond-gashi\/","url":"https:\/\/medicallife.al\/edmond-gashi\/","name":"Dr. Edmond Gashi - Medical Life","isPartOf":{"@id":"https:\/\/medicallife.al\/#website"},"primaryImageOfPage":{"@id":"https:\/\/medicallife.al\/edmond-gashi\/#primaryimage"},"image":{"@id":"https:\/\/medicallife.al\/edmond-gashi\/#primaryimage"},"thumbnailUrl":"https:\/\/medicallife.al\/wp-content\/uploads\/2025\/03\/edmond-gashi.jpg","datePublished":"2018-11-27T11:41:21+00:00","dateModified":"2025-05-06T06:26:33+00:00","description":"Surgical Oncologist &amp; Senologist","breadcrumb":{"@id":"https:\/\/medicallife.al\/edmond-gashi\/#breadcrumb"},"inLanguage":"en-US","potentialAction":[{"@type":"ReadAction","target":["https:\/\/medicallife.al\/edmond-gashi\/"]}]},{"@type":"ImageObject","inLanguage":"en-US","@id":"https:\/\/medicallife.al\/edmond-gashi\/#primaryimage","url":"https:\/\/medicallife.al\/wp-content\/uploads\/2025\/03\/edmond-gashi.jpg","contentUrl":"https:\/\/medicallife.al\/wp-content\/uploads\/2025\/03\/edmond-gashi.jpg"},{"@type":"BreadcrumbList","@id":"https:\/\/medicallife.al\/edmond-gashi\/#breadcrumb","itemListElement":[{"@type":"ListItem","position":1,"name":"Home","item":"https:\/\/medicallife.al\/"},{"@type":"ListItem","position":2,"name":"Dr. Edmond Gashi"}]},{"@type":"WebSite","@id":"https:\/\/medicallife.al\/#website","url":"https:\/\/medicallife.al\/","name":"Medical Life","description":"","publisher":{"@id":"https:\/\/medicallife.al\/#organization"},"potentialAction":[{"@type":"SearchAction","target":{"@type":"EntryPoint","urlTemplate":"https:\/\/medicallife.al\/?s={search_term_string}"},"query-input":{"@type":"PropertyValueSpecification","valueRequired":true,"valueName":"search_term_string"}}],"inLanguage":"en-US"},{"@type":"Organization","@id":"https:\/\/medicallife.al\/#organization","name":"Medical Life","url":"https:\/\/medicallife.al\/","logo":{"@type":"ImageObject","inLanguage":"en-US","@id":"https:\/\/medicallife.al\/#\/schema\/logo\/image\/","url":"https:\/\/medicallife.al\/wp-content\/uploads\/2025\/01\/medical-life.png","contentUrl":"https:\/\/medicallife.al\/wp-content\/uploads\/2025\/01\/medical-life.png","width":342,"height":87,"caption":"Medical Life"},"image":{"@id":"https:\/\/medicallife.al\/#\/schema\/logo\/image\/"},"sameAs":["https:\/\/www.facebook.com\/al.medicallife\/","https:\/\/www.instagram.com\/medicallife.al\/","https:\/\/www.tiktok.com\/@medical_life12"]}]}},"_links":{"self":[{"href":"https:\/\/medicallife.al\/en\/wp-json\/wp\/v2\/pages\/1210","targetHints":{"allow":["GET"]}}],"collection":[{"href":"https:\/\/medicallife.al\/en\/wp-json\/wp\/v2\/pages"}],"about":[{"href":"https:\/\/medicallife.al\/en\/wp-json\/wp\/v2\/types\/page"}],"author":[{"embeddable":true,"href":"https:\/\/medicallife.al\/en\/wp-json\/wp\/v2\/users\/2"}],"replies":[{"embeddable":true,"href":"https:\/\/medicallife.al\/en\/wp-json\/wp\/v2\/comments?post=1210"}],"version-history":[{"count":1,"href":"https:\/\/medicallife.al\/en\/wp-json\/wp\/v2\/pages\/1210\/revisions"}],"predecessor-version":[{"id":2086,"href":"https:\/\/medicallife.al\/en\/wp-json\/wp\/v2\/pages\/1210\/revisions\/2086"}],"wp:attachment":[{"href":"https:\/\/medicallife.al\/en\/wp-json\/wp\/v2\/media?parent=1210"}],"curies":[{"name":"wp","href":"https:\/\/api.w.org\/{rel}","templated":true}]}}