{"id":881,"date":"2018-11-22T12:14:39","date_gmt":"2018-11-22T12:14:39","guid":{"rendered":"https:\/\/demo-content.kaliumtheme.com\/medical\/?page_id=881"},"modified":"2025-04-29T15:01:28","modified_gmt":"2025-04-29T15:01:28","slug":"kontakt","status":"publish","type":"page","link":"https:\/\/medicallife.al\/en\/kontakt\/","title":{"rendered":"Contact"},"content":{"rendered":"<div class=\"wpb-content-wrapper\"><div class=\"vc-row-container vc-row-container--stretch-content-no-spaces\"><div data-vc-full-width=\"true\" data-vc-full-width-temp=\"true\" data-vc-full-width-init=\"false\" data-vc-stretch-content=\"true\" class=\"vc_row wpb_row vc_row-fluid vc_row-no-padding\"><div class=\"wpb_column vc_column_container vc_col-sm-12\"><div class=\"vc_column-inner\"><div class=\"wpb_wrapper\"><style> #el_69e166686c2cc { height: 400px; } <\/style><div class=\"lab-google-map cd-google-map \">\n    <div id=\"el_69e166686c2cc\"><\/div>\n    <div class=\"cd-zoom cd-zoom-in hidden\"><\/div>\n    <div class=\"cd-zoom cd-zoom-out hidden\"><\/div>\n<\/div>\n\n<script type=\"text\/javascript\">\n\tvar labVcMaps = labVcMaps || [];\n\tlabVcMaps.push( {\n\t\tid: 'el_69e166686c2cc',\n\n\t\tlocations: [{\"marker_image\":\"https:\\\/\\\/medicallife.al\\\/wp-content\\\/uploads\\\/2025\\\/03\\\/main-hospital2.png\",\"retina_marker\":\"yes\",\"latitude\":\"41.3325695\",\"longitude\":\"19.7808382\",\"marker_title\":\"Medical Life\",\"marker_description\":\"\",\"marker_image_size\":[83,100]}],\n\n\t\tzoom: 15,\n\t\tscrollwheel: false,\n\t\tdropPins: false,\n\t\tpanBy: [0,0],\n\t\ttilt: 0,\n\t\theading: 0,\n\n\t\tmapType: 'roadmap',\n\n\t\tpanControl: false,\n\t\tzoomControl: true,\n\t\tmapTypeControl: false,\n\t\tscaleControl: false,\n\t\tstreetViewControl: false,\n\t\toverviewMapContro: false,\n\t\tplusMinusZoom: false,\n\t\tfullscreenControl: false,\n\n\n\t\tstyles: [\n    {\n        \"featureType\": \"landscape.man_made\",\n        \"elementType\": \"geometry.fill\",\n        \"stylers\": [\n            {\n                \"color\": \"#e9e5dc\"\n            }\n        ]\n    },\n    {\n        \"featureType\": \"landscape.natural\",\n        \"elementType\": \"geometry.fill\",\n        \"stylers\": [\n            {\n                \"visibility\": \"on\"\n            },\n            {\n                \"color\": \"#b8cb93\"\n            }\n        ]\n    },\n    {\n        \"featureType\": \"poi\",\n        \"elementType\": \"all\",\n        \"stylers\": [\n            {\n                \"visibility\": \"off\"\n            }\n        ]\n    },\n    {\n        \"featureType\": \"poi.attraction\",\n        \"elementType\": \"all\",\n        \"stylers\": [\n            {\n                \"visibility\": \"off\"\n            }\n        ]\n    },\n    {\n        \"featureType\": \"poi.attraction\",\n        \"elementType\": \"labels\",\n        \"stylers\": [\n            {\n                \"visibility\": \"on\"\n            }\n        ]\n    },\n    {\n        \"featureType\": \"poi.business\",\n        \"elementType\": \"all\",\n        \"stylers\": [\n            {\n                \"visibility\": \"off\"\n            }\n        ]\n    },\n    {\n        \"featureType\": \"poi.government\",\n        \"elementType\": \"all\",\n        \"stylers\": [\n            {\n                \"visibility\": \"off\"\n            }\n        ]\n    },\n    {\n        \"featureType\": \"poi.medical\",\n        \"elementType\": \"all\",\n        \"stylers\": [\n            {\n                \"visibility\": \"off\"\n            }\n        ]\n    },\n    {\n        \"featureType\": \"poi.park\",\n        \"elementType\": \"all\",\n        \"stylers\": [\n            {\n                \"visibility\": \"off\"\n            }\n        ]\n    },\n    {\n        \"featureType\": \"poi.park\",\n        \"elementType\": \"geometry.fill\",\n        \"stylers\": [\n            {\n                \"color\": \"#ccdca1\"\n            }\n        ]\n    },\n    {\n        \"featureType\": \"poi.place_of_worship\",\n        \"elementType\": \"all\",\n        \"stylers\": [\n            {\n                \"visibility\": \"off\"\n            }\n        ]\n    },\n    {\n        \"featureType\": \"poi.school\",\n        \"elementType\": \"all\",\n        \"stylers\": [\n            {\n                \"visibility\": \"off\"\n            }\n        ]\n    },\n    {\n        \"featureType\": \"poi.sports_complex\",\n        \"elementType\": \"all\",\n        \"stylers\": [\n            {\n                \"visibility\": \"off\"\n            }\n        ]\n    },\n    {\n        \"featureType\": \"road\",\n        \"elementType\": \"geometry.fill\",\n        \"stylers\": [\n            {\n                \"hue\": \"#ff0000\"\n            },\n            {\n                \"saturation\": -100\n            },\n            {\n                \"lightness\": 99\n            }\n        ]\n    },\n    {\n        \"featureType\": \"road\",\n        \"elementType\": \"geometry.stroke\",\n        \"stylers\": [\n            {\n                \"color\": \"#808080\"\n            },\n            {\n                \"lightness\": 54\n            },\n            {\n                \"visibility\": \"off\"\n            }\n        ]\n    },\n    {\n        \"featureType\": \"road\",\n        \"elementType\": \"labels.text.fill\",\n        \"stylers\": [\n            {\n                \"color\": \"#767676\"\n            }\n        ]\n    },\n    {\n        \"featureType\": \"road\",\n        \"elementType\": \"labels.text.stroke\",\n        \"stylers\": [\n            {\n                \"color\": \"#ffffff\"\n            }\n        ]\n    },\n    {\n        \"featureType\": \"water\",\n        \"elementType\": \"all\",\n        \"stylers\": [\n            {\n                \"saturation\": 43\n            },\n            {\n                \"lightness\": -11\n            },\n            {\n                \"color\": \"#89cada\"\n            }\n        ]\n    }\n]\t} );\n<\/script><\/div><\/div><\/div><\/div><div class=\"vc_row-full-width vc_clearfix\"><\/div><\/div><div class=\"vc-row-container container\"><div class=\"vc_row wpb_row vc_row-fluid vc_custom_1539786151745\"><div class=\"wpb_column vc_column_container vc_col-sm-7\"><div class=\"vc_column-inner\"><div class=\"wpb_wrapper\">\n\t<div class=\"wpb_text_column wpb_content_element post-formatting \" >\n\t\t<div class=\"wpb_wrapper\">\n\t\t\t<h2>Kontakt<\/h2>\n<p>P\u00ebr \u00e7do pyetje q\u00eb mund t\u00eb keni, takim konsultimi ose m\u00eb shum\u00eb, p\u00ebrdorni formularin e m\u00ebposht\u00ebm:<\/p>\n\n\t\t<\/div>\n\t<\/div>\n<div class=\"lab-contact-form contact-form  vc_custom_1742252941478\">\n\n\t<form action=\"\" method=\"post\" class=\"contact-form\" id=\"el_69e166686cb0e\" data-alerts=\"0\" data-alerts-msg=\"Please fill &quot;%&quot; field.\" data-privacy-error-msg=\"You must check privacy policy checkbox in order to submit the form.\" novalidate>\n\n\t\t<div class=\"row\">\n\n    \t\t<div class=\"col-sm-6\">\n\t\t\t\t<div class=\"form-group labeled-input-row\">\n\t\t\t\t\t\t\t\t\t\t<label for=\"el_69e166686cb0e_name\">Em\u00ebr<\/label>\n\t\t\t\t\t\t\t\t\t\t<input name=\"name\" id=\"el_69e166686cb0e_name\" type=\"text\" placeholder=\"\" data-label=\"Em\u00ebr\">\n\t\t\t\t<\/div>\n    \t\t<\/div>\n\n\t\t\t<div class=\"col-sm-6\">\n\t\t\t\t<div class=\"form-group labeled-input-row\">\n\t\t\t\t\t\t\t\t\t\t<label for=\"el_69e166686cb0e_email\">E-mail<\/label>\n\t\t\t\t\t\t\t\t\t\t<input name=\"email\" id=\"el_69e166686cb0e_email\" type=\"email\" placeholder=\"\" data-label=\"E-mail\">\n\t\t\t\t<\/div>\n\t\t\t<\/div>\n\n\t\t\t\n\t\t\t<div class=\"col-sm-12\">\n\t\t\t\t<div class=\"form-group labeled-textarea-row\">\n\t\t\t\t\t\t\t\t\t\t<label for=\"el_69e166686cb0e_message\">Mesazhi<\/label>\n\t\t\t\t\t\t\t\t\t\t<textarea name=\"message\" id=\"el_69e166686cb0e_message\" placeholder=\"\" data-label=\"Mesazhi\"><\/textarea>\n\t\t\t\t<\/div>\n\t\t\t<\/div>\n\n\t\t<\/div><!-- row -->\n\n\t\t\n\t\t\t\t\t<div class=\"form-group contact-form-privacy-policy\">\n\n\t\t\t\t<label>\n\t\t\t\t\t<input type=\"checkbox\" name=\"privacy_policy_check\" \/>\n\t\t\t\t\t<span>Kam lexuar dhe pranuar <a href=\"https:\/\/medicallife.al\/termat-dhe-kushtet\/\" target=\"_blank\">termat dhe kushtet<\/a> *<\/span>\n\t\t\t\t<\/label>\n\n\t\t\t<\/div>\n\t\t\n\t\t<button type=\"submit\" name=\"send\" class=\"button\">\n\t\t\t<span class=\"pre-submit\">D\u00ebrgo<\/span>\n\t\t\t<span class=\"success-msg\">Mesazhi u d\u00ebrgua! <i class=\"flaticon-verification24\"><\/i><\/span>\n\t\t\t<span class=\"loading-bar\">\n\t\t\t\t<span><\/span>\n\t\t\t<\/span>\n\t\t<\/button>\n\n\t<\/form>\n\n<\/div><\/div><\/div><\/div><div class=\"wpb_column vc_column_container vc_col-sm-1\"><div class=\"vc_column-inner\"><div class=\"wpb_wrapper\"><\/div><\/div><\/div><div class=\"wpb_column vc_column_container vc_col-sm-4\"><div class=\"vc_column-inner\"><div class=\"wpb_wrapper\">\n\t<div class=\"wpb_text_column wpb_content_element post-formatting \" >\n\t\t<div class=\"wpb_wrapper\">\n\t\t\t<h2>Adresa<\/h2>\n<p>Rruga Mikel Maruli, Tiran\u00eb 1061, Shqip\u00ebri<\/p>\n<p><strong>E-mail:<\/strong> <a href=\"mailto:info@medicallife.al\">info@medicallife.al<\/a><\/p>\n<p><strong>Cel:<\/strong> <a href=\"tel:+355686524910\">+355 68 65 24 910<\/a><br \/>\n<strong>Cel:<\/strong> <a href=\"tel:+355698790030\">+355 69 87 90 030<\/a><\/p>\n\n\t\t<\/div>\n\t<\/div>\n<div class=\"vc_separator wpb_content_element vc_separator_align_center vc_sep_width_100 vc_sep_pos_align_center vc_separator_no_text vc_sep_color_grey wpb_content_element  wpb_content_element\" ><span class=\"vc_sep_holder vc_sep_holder_l\"><span class=\"vc_sep_line\"><\/span><\/span><span class=\"vc_sep_holder vc_sep_holder_r\"><span class=\"vc_sep_line\"><\/span><\/span>\n<\/div>\n\t<div class=\"wpb_text_column wpb_content_element post-formatting \" >\n\t\t<div class=\"wpb_wrapper\">\n\t\t\t<p><!-- Rrjete Sociale header with some space below --><\/p>\n<h2 style=\"margin-bottom: 10px;\">Rrjete Sociale<\/h2>\n<p><!-- Facebook link --><br \/>\n<a style=\"text-decoration: none; display: inline-flex; align-items: center; margin-right: 20px;\" href=\"https:\/\/www.facebook.com\/al.medicallife\/\" target=\"_blank\" rel=\"noopener\"><br \/>\n<i class=\"fab fa-facebook-square\" style=\"font-size: 24px; margin-right: 10px;\"><\/i><br \/>\n<b>Medical Life<\/b><br \/>\n<\/a><\/p>\n<p><!-- Instagram link --><br \/>\n<a style=\"text-decoration: none; display: inline-flex; align-items: center; margin-right: 20px;\" href=\"https:\/\/www.instagram.com\/medicallife.al\/\" target=\"_blank\" rel=\"noopener\"><br \/>\n<i class=\"fab fa-instagram\" style=\"font-size: 24px; margin-right: 10px;\"><\/i><br \/>\n<b>Medical Life<\/b><br \/>\n<\/a><\/p>\n<p><!-- TikTok link --><br \/>\n<a style=\"text-decoration: none; display: inline-flex; align-items: center;\" href=\"https:\/\/www.tiktok.com\/@medical_life12\" target=\"_blank\" rel=\"noopener\"><br \/>\n<i class=\"fab fa-tiktok\" style=\"font-size: 24px; margin-right: 10px;\"><\/i><br \/>\n<b>Medical Life<\/b><br \/>\n<\/a><\/p>\n\n\t\t<\/div>\n\t<\/div>\n<div class=\"vc_separator wpb_content_element vc_separator_align_center vc_sep_width_100 vc_sep_pos_align_center vc_separator_no_text vc_sep_color_grey wpb_content_element  wpb_content_element\" ><span class=\"vc_sep_holder vc_sep_holder_l\"><span class=\"vc_sep_line\"><\/span><\/span><span class=\"vc_sep_holder vc_sep_holder_r\"><span class=\"vc_sep_line\"><\/span><\/span>\n<\/div><\/div><\/div><\/div><\/div><\/div>\n<\/div>","protected":false},"excerpt":{"rendered":"Kontakt P\u00ebr \u00e7do pyetje q\u00eb mund t\u00eb keni, takim konsultimi ose m\u00eb shum\u00eb, p\u00ebrdorni formularin e m\u00ebposht\u00ebm: Em\u00ebr E-mail Mesazhi Kam lexuar dhe pranuar termat dhe kushtet * D\u00ebrgo Mesazhi u d\u00ebrgua! Adresa Rruga Mikel Maruli, Tiran\u00eb 1061, Shqip\u00ebri E-mail: info@medicallife.al Cel: +355 68 65 24 910 Cel: +355 69 87 90 030 Rrjete Sociale&hellip;","protected":false},"author":2,"featured_media":0,"parent":0,"menu_order":0,"comment_status":"closed","ping_status":"closed","template":"","meta":{"_acf_changed":false,"footnotes":""},"class_list":["post-881","page","type-page","status-publish","hentry"],"acf":[],"yoast_head":"<!-- This site is optimized with the Yoast SEO Premium plugin v27.0 (Yoast SEO v27.0) - https:\/\/yoast.com\/product\/yoast-seo-premium-wordpress\/ -->\n<title>Kontakt - Medical Life<\/title>\n<meta name=\"description\" content=\"Na kontaktoni n\u00eb Medical Life. Adresa: Rruga Mikel Maruli, Tiran\u00eb 1061, Shqip\u00ebri. Jemi k\u00ebtu p\u00ebr t&#039;ju ndihmuar me kujdes sh\u00ebndet\u00ebsor profesional.\" \/>\n<meta name=\"robots\" content=\"index, follow, max-snippet:-1, max-image-preview:large, max-video-preview:-1\" \/>\n<link rel=\"canonical\" href=\"https:\/\/medicallife.al\/en\/kontakt\/\" \/>\n<meta property=\"og:locale\" content=\"en_US\" \/>\n<meta property=\"og:type\" content=\"article\" \/>\n<meta property=\"og:title\" content=\"Kontakt\" \/>\n<meta property=\"og:description\" content=\"Na kontaktoni n\u00eb Medical Life. Adresa: Rruga Mikel Maruli, Tiran\u00eb 1061, Shqip\u00ebri. Jemi k\u00ebtu p\u00ebr t&#039;ju ndihmuar me kujdes sh\u00ebndet\u00ebsor profesional.\" \/>\n<meta property=\"og:url\" content=\"https:\/\/medicallife.al\/en\/kontakt\/\" \/>\n<meta property=\"og:site_name\" content=\"Medical Life\" \/>\n<meta property=\"article:publisher\" content=\"https:\/\/www.facebook.com\/al.medicallife\/\" \/>\n<meta property=\"article:modified_time\" content=\"2025-04-29T15:01:28+00:00\" \/>\n<meta name=\"twitter:card\" content=\"summary_large_image\" \/>\n<meta name=\"twitter:label1\" content=\"Est. reading time\" \/>\n\t<meta name=\"twitter:data1\" content=\"1 minute\" \/>\n<script type=\"application\/ld+json\" class=\"yoast-schema-graph\">{\"@context\":\"https:\/\/schema.org\",\"@graph\":[{\"@type\":\"WebPage\",\"@id\":\"https:\/\/medicallife.al\/kontakt\/\",\"url\":\"https:\/\/medicallife.al\/kontakt\/\",\"name\":\"Kontakt - Medical Life\",\"isPartOf\":{\"@id\":\"https:\/\/medicallife.al\/#website\"},\"datePublished\":\"2018-11-22T12:14:39+00:00\",\"dateModified\":\"2025-04-29T15:01:28+00:00\",\"description\":\"Na kontaktoni n\u00eb Medical Life. Adresa: Rruga Mikel Maruli, Tiran\u00eb 1061, Shqip\u00ebri. Jemi k\u00ebtu p\u00ebr t'ju ndihmuar me kujdes sh\u00ebndet\u00ebsor profesional.\",\"breadcrumb\":{\"@id\":\"https:\/\/medicallife.al\/kontakt\/#breadcrumb\"},\"inLanguage\":\"en-US\",\"potentialAction\":[{\"@type\":\"ReadAction\",\"target\":[\"https:\/\/medicallife.al\/kontakt\/\"]}]},{\"@type\":\"BreadcrumbList\",\"@id\":\"https:\/\/medicallife.al\/kontakt\/#breadcrumb\",\"itemListElement\":[{\"@type\":\"ListItem\",\"position\":1,\"name\":\"Home\",\"item\":\"https:\/\/medicallife.al\/\"},{\"@type\":\"ListItem\",\"position\":2,\"name\":\"Kontakt\"}]},{\"@type\":\"WebSite\",\"@id\":\"https:\/\/medicallife.al\/#website\",\"url\":\"https:\/\/medicallife.al\/\",\"name\":\"Medical Life\",\"description\":\"\",\"publisher\":{\"@id\":\"https:\/\/medicallife.al\/#organization\"},\"potentialAction\":[{\"@type\":\"SearchAction\",\"target\":{\"@type\":\"EntryPoint\",\"urlTemplate\":\"https:\/\/medicallife.al\/?s={search_term_string}\"},\"query-input\":{\"@type\":\"PropertyValueSpecification\",\"valueRequired\":true,\"valueName\":\"search_term_string\"}}],\"inLanguage\":\"en-US\"},{\"@type\":\"Organization\",\"@id\":\"https:\/\/medicallife.al\/#organization\",\"name\":\"Medical Life\",\"url\":\"https:\/\/medicallife.al\/\",\"logo\":{\"@type\":\"ImageObject\",\"inLanguage\":\"en-US\",\"@id\":\"https:\/\/medicallife.al\/#\/schema\/logo\/image\/\",\"url\":\"https:\/\/medicallife.al\/wp-content\/uploads\/2025\/01\/medical-life.png\",\"contentUrl\":\"https:\/\/medicallife.al\/wp-content\/uploads\/2025\/01\/medical-life.png\",\"width\":342,\"height\":87,\"caption\":\"Medical Life\"},\"image\":{\"@id\":\"https:\/\/medicallife.al\/#\/schema\/logo\/image\/\"},\"sameAs\":[\"https:\/\/www.facebook.com\/al.medicallife\/\",\"https:\/\/www.instagram.com\/medicallife.al\/\",\"https:\/\/www.tiktok.com\/@medical_life12\"]}]}<\/script>\n<!-- \/ Yoast SEO Premium plugin. -->","yoast_head_json":{"title":"Contact \u2013 Medical Life","description":"Contact us at Medical Life. Address: Mikel Maruli,Street, Tirana 1061, Albania. We are here to help you with professional healthcare.","robots":{"index":"index","follow":"follow","max-snippet":"max-snippet:-1","max-image-preview":"max-image-preview:large","max-video-preview":"max-video-preview:-1"},"canonical":"https:\/\/medicallife.al\/en\/kontakt\/","og_locale":"en_US","og_type":"article","og_title":"Kontakt","og_description":"Na kontaktoni n\u00eb Medical Life. Adresa: Rruga Mikel Maruli, Tiran\u00eb 1061, Shqip\u00ebri. Jemi k\u00ebtu p\u00ebr t'ju ndihmuar me kujdes sh\u00ebndet\u00ebsor profesional.","og_url":"https:\/\/medicallife.al\/en\/kontakt\/","og_site_name":"Medical Life","article_publisher":"https:\/\/www.facebook.com\/al.medicallife\/","article_modified_time":"2025-04-29T15:01:28+00:00","twitter_card":"summary_large_image","twitter_misc":{"Est. reading time":"1 minute"},"schema":{"@context":"https:\/\/schema.org","@graph":[{"@type":"WebPage","@id":"https:\/\/medicallife.al\/kontakt\/","url":"https:\/\/medicallife.al\/kontakt\/","name":"Contact \u2013 Medical Life","isPartOf":{"@id":"https:\/\/medicallife.al\/#website"},"datePublished":"2018-11-22T12:14:39+00:00","dateModified":"2025-04-29T15:01:28+00:00","description":"Contact us at Medical Life. Address: Mikel Maruli,Street, Tirana 1061, Albania. We are here to help you with professional healthcare.","breadcrumb":{"@id":"https:\/\/medicallife.al\/kontakt\/#breadcrumb"},"inLanguage":"en-US","potentialAction":[{"@type":"ReadAction","target":["https:\/\/medicallife.al\/kontakt\/"]}]},{"@type":"BreadcrumbList","@id":"https:\/\/medicallife.al\/kontakt\/#breadcrumb","itemListElement":[{"@type":"ListItem","position":1,"name":"Home","item":"https:\/\/medicallife.al\/"},{"@type":"ListItem","position":2,"name":"Kontakt"}]},{"@type":"WebSite","@id":"https:\/\/medicallife.al\/#website","url":"https:\/\/medicallife.al\/","name":"Medical Life","description":"","publisher":{"@id":"https:\/\/medicallife.al\/#organization"},"potentialAction":[{"@type":"SearchAction","target":{"@type":"EntryPoint","urlTemplate":"https:\/\/medicallife.al\/?s={search_term_string}"},"query-input":{"@type":"PropertyValueSpecification","valueRequired":true,"valueName":"search_term_string"}}],"inLanguage":"en-US"},{"@type":"Organization","@id":"https:\/\/medicallife.al\/#organization","name":"Medical Life","url":"https:\/\/medicallife.al\/","logo":{"@type":"ImageObject","inLanguage":"en-US","@id":"https:\/\/medicallife.al\/#\/schema\/logo\/image\/","url":"https:\/\/medicallife.al\/wp-content\/uploads\/2025\/01\/medical-life.png","contentUrl":"https:\/\/medicallife.al\/wp-content\/uploads\/2025\/01\/medical-life.png","width":342,"height":87,"caption":"Medical Life"},"image":{"@id":"https:\/\/medicallife.al\/#\/schema\/logo\/image\/"},"sameAs":["https:\/\/www.facebook.com\/al.medicallife\/","https:\/\/www.instagram.com\/medicallife.al\/","https:\/\/www.tiktok.com\/@medical_life12"]}]}},"_links":{"self":[{"href":"https:\/\/medicallife.al\/en\/wp-json\/wp\/v2\/pages\/881","targetHints":{"allow":["GET"]}}],"collection":[{"href":"https:\/\/medicallife.al\/en\/wp-json\/wp\/v2\/pages"}],"about":[{"href":"https:\/\/medicallife.al\/en\/wp-json\/wp\/v2\/types\/page"}],"author":[{"embeddable":true,"href":"https:\/\/medicallife.al\/en\/wp-json\/wp\/v2\/users\/2"}],"replies":[{"embeddable":true,"href":"https:\/\/medicallife.al\/en\/wp-json\/wp\/v2\/comments?post=881"}],"version-history":[{"count":1,"href":"https:\/\/medicallife.al\/en\/wp-json\/wp\/v2\/pages\/881\/revisions"}],"predecessor-version":[{"id":2074,"href":"https:\/\/medicallife.al\/en\/wp-json\/wp\/v2\/pages\/881\/revisions\/2074"}],"wp:attachment":[{"href":"https:\/\/medicallife.al\/en\/wp-json\/wp\/v2\/media?parent=881"}],"curies":[{"name":"wp","href":"https:\/\/api.w.org\/{rel}","templated":true}]}}