{"id":1488,"date":"2025-01-10T07:16:08","date_gmt":"2025-01-10T07:16:08","guid":{"rendered":"https:\/\/medicallife.al\/?page_id=1488"},"modified":"2025-04-29T15:04:23","modified_gmt":"2025-04-29T15:04:23","slug":"majlinda-cafka","status":"publish","type":"page","link":"https:\/\/medicallife.al\/it\/majlinda-cafka\/","title":{"rendered":"Prof. Asc. Majlinda Cafka"},"content":{"rendered":"<div class=\"wpb-content-wrapper\"><div class=\"vc-row-container container\"><div class=\"vc_row wpb_row vc_row-fluid vc_custom_1543319751419\"><div class=\"wpb_column vc_column_container vc_col-sm-9\"><div class=\"vc_column-inner\"><div class=\"wpb_wrapper\">\n\t<div class=\"wpb_text_column wpb_content_element post-formatting\" >\n\t\t<div class=\"wpb_wrapper\">\n\t\t\t<h1><img loading=\"lazy\" decoding=\"async\" class=\"doctor-profile-image alignleft wp-image-1707 size-full\" src=\"https:\/\/medicallife.al\/wp-content\/uploads\/2025\/03\/doctor.jpg\" alt=\"\" width=\"380\" height=\"471\" srcset=\"https:\/\/medicallife.al\/wp-content\/uploads\/2025\/03\/doctor.jpg 380w, https:\/\/medicallife.al\/wp-content\/uploads\/2025\/03\/doctor-242x300.jpg 242w\" sizes=\"auto, (max-width: 380px) 100vw, 380px\" \/>Prof. Asc. Majlinda Cafka<\/h1>\n<h4>Cardiologa (D.S.M.)<\/h4>\n<hr \/>\n<p data-start=\"3049\" data-end=\"4033\">\u2022 Nel 1989 si \u00e8 laureata in \"Medicina Generale\" presso la Facolt\u00e0 di Medicina dell'Universit\u00e0 di Tirana, Albania.<br data-start=\"3294\" data-end=\"3297\" \/>\u2022 Programma di specializzazione 1993-1997, Facolt\u00e0 di Medicina, Dipartimento di Cardiologia, Centro Ospedaliero Universitario \u201cMadre Teresa\u201d, Tirana, Albania.<br data-start=\"3450\" data-end=\"3453\" \/>\u2022 1997 Conseguimento del titolo di \u201cCardiologo\u201d.<br data-start=\"3490\" data-end=\"3493\" \/>\u2022 1996-1997 Master, Facolt\u00e0 di Medicina, Universit\u00e0 di Tirana, Albania.<br data-start=\"3578\" data-end=\"3581\" \/>\u2022 1997 Laurea Magistrale in Cardiologia.<br data-start=\"3610\" data-end=\"3613\" \/>\u2022 1998 \u2013 Specializzazione in Cardiologia presso il Krankenhaus der Barmherzigen Schwestern, Linz, Austria.<br data-start=\"3711\" data-end=\"3714\" \/>Corso di formazione intensiva in Ecocardiografia.<br data-start=\"3758\" data-end=\"3761\" \/>\u2022 1999 Inizio del Dottorato di Ricerca presso l&#039;Universit\u00e0 di Medicina, Facolt\u00e0 di Medicina, Tirana, Albania.<br data-start=\"3865\" data-end=\"3868\" \/>\u2022 Luglio 2005 Dottorato di ricerca in Medicina, Facolt\u00e0 di Medicina, Universit\u00e0 di Medicina, Tirana, Albania.<br data-start=\"3975\" data-end=\"3978\" \/>\u2022 Nel dicembre 2023 ha ricevuto il titolo di Prof. Crescente.<\/p>\n<p data-start=\"4035\" data-end=\"4367\"><strong data-start=\"4035\" data-end=\"4065\">Esercita la professione presso:<\/strong><br data-start=\"4065\" data-end=\"4068\" \/>\u2022 Cardiologa, Dipartimento di Cardiologia, Prima Clinica: Centro Ospedaliero Universitario \u201cMADRE TERESA\u201d, Tirana, Albania.<br data-start=\"4189\" data-end=\"4192\" \/>\u2022 Docente presso la Facolt\u00e0 di Scienze Mediche Tecniche, Universit\u00e0 di Medicina, Tirana, Albania.<br data-start=\"4291\" data-end=\"4294\" \/>\u2022 Autore e coautore di circa 100 pubblicazioni in patria e all&#039;estero.<\/p>\n\n\t\t<\/div>\n\t<\/div>\n<\/div><\/div><\/div><div class=\"sidebar-appointments wpb_column vc_column_container vc_col-sm-3\"><div class=\"vc_column-inner\"><div class=\"wpb_wrapper\"><div  class=\"wpb_widgetised_column wpb_content_element widget-area widget-area--skin-background-fill\">\n\t\t<div class=\"wpb_wrapper\">\n\t\t\t\n\t\t\t<div id=\"custom_html-3\" class=\"widget_text widget widget_custom_html\"><h2 class=\"widgettitle\">Orari<\/h2>\n<div class=\"textwidget custom-html-widget\"><table class=\"sidebar-working-hours\" width=\"100%\">\n<tbody>\n<tr>\n<td><strong>Lun - Ven<\/strong><\/td>\n<td>08:00 \u2013 21:00<\/td>\n<\/tr>\n<tr>\n<td><strong>Sab<\/strong><\/td>\n<td>08:00 \u2013 20:00<\/td>\n<\/tr>\n<tr>\n<td><strong>Dom<\/strong><\/td>\n<td>Chiuso<\/td>\n<\/tr>\n<\/tbody>\n<\/table>\n&nbsp;\n<div class=\"emergency-button-sidebar\"><a title=\"+355 68 65 24 910\" href=\"tel:+355686524910\"><i class=\"fa fa-phone\"><\/i> \u00a0<b>+355 68 65 24 910<\/b><\/a><\/div>\n<br>\n<div class=\"emergency-button-sidebar\"><a title=\"+355 69 87 90 030\" href=\"tel:+355698790030\"><i class=\"fa fa-phone\"><\/i> \u00a0<b>+355 69 87 90 030<\/b><\/a><\/div><\/div><\/div><div id=\"nav_menu-5\" class=\"widget widget_nav_menu\"><h2 class=\"widgettitle\">Servizi<\/h2>\n<div class=\"menu-sherbimet-menu-container\"><ul id=\"menu-sherbimet-menu\" class=\"menu\"><li id=\"menu-item-1433\" class=\"menu-item menu-item-type-post_type menu-item-object-portfolio menu-item-1433\"><a href=\"https:\/\/medicallife.al\/it\/sherbimet-mjekesore\/onkologjia\/\">Oncologia<\/a><\/li>\n<li id=\"menu-item-1524\" class=\"menu-item menu-item-type-post_type menu-item-object-portfolio menu-item-1524\"><a href=\"https:\/\/medicallife.al\/it\/sherbimet-mjekesore\/imazheria\/\">Imaging Medico<\/a><\/li>\n<li id=\"menu-item-1523\" class=\"menu-item menu-item-type-post_type menu-item-object-portfolio menu-item-1523\"><a href=\"https:\/\/medicallife.al\/it\/sherbimet-mjekesore\/reanimacioni\/\">Rianimazione<\/a><\/li>\n<li id=\"menu-item-1519\" class=\"menu-item menu-item-type-post_type menu-item-object-portfolio menu-item-1519\"><a href=\"https:\/\/medicallife.al\/it\/sherbimet-mjekesore\/kardiologjia\/\">Cardiologia<\/a><\/li>\n<li id=\"menu-item-1522\" class=\"menu-item menu-item-type-post_type menu-item-object-portfolio menu-item-1522\"><a href=\"https:\/\/medicallife.al\/it\/sherbimet-mjekesore\/gastrohepatologjia\/\">Gastroepatologia<\/a><\/li>\n<li id=\"menu-item-1521\" class=\"menu-item menu-item-type-post_type menu-item-object-portfolio menu-item-1521\"><a href=\"https:\/\/medicallife.al\/it\/sherbimet-mjekesore\/gjinekologjia\/\">Ginecologia<\/a><\/li>\n<li id=\"menu-item-1520\" class=\"menu-item menu-item-type-post_type menu-item-object-portfolio menu-item-1520\"><a href=\"https:\/\/medicallife.al\/it\/sherbimet-mjekesore\/laboratori\/\">Laboratorio<\/a><\/li>\n<\/ul><\/div><\/div>\n\t\t<\/div>\n\t<\/div>\n<\/div><\/div><\/div><\/div><\/div>\n<\/div>","protected":false},"excerpt":{"rendered":"Prof. Asc. Majlinda Cafka Mjeke Kardiologe (D.SH.M) \u2022 N\u00eb vitin 1989 diplomuar si \u201cDoktor i Mjek\u00ebsis\u00eb s\u00eb P\u00ebrgjithshme\u201d n\u00eb Fakultetin e Mjek\u00ebsis\u00eb, Universiteti i Tiran\u00ebs, Shqip\u00ebri.\u2022 Programi i Specialitetit 1993-1997, Fakulteti i Mjek\u00ebsis\u00eb, Departamenti i Kardiologjis\u00eb, Qendra Spitalore Universitare \u201cN\u00ebn\u00eb Tereza\u201d, Tiran\u00eb, Shqip\u00ebri.\u2022 1997 Marrja e titullit \u201cKardiolog\u201d.\u2022 1996-1997 Programi Master, Fakulteti i Mjek\u00ebsis\u00eb, Universiteti&hellip;","protected":false},"author":2,"featured_media":0,"parent":0,"menu_order":0,"comment_status":"closed","ping_status":"closed","template":"","meta":{"_acf_changed":false,"footnotes":""},"class_list":["post-1488","page","type-page","status-publish","hentry"],"acf":[],"yoast_head":"<!-- This site is optimized with the Yoast SEO Premium plugin v27.0 (Yoast SEO v27.0) - https:\/\/yoast.com\/product\/yoast-seo-premium-wordpress\/ -->\n<title>Prof. Asc. Majlinda Cafka - Medical Life<\/title>\n<meta name=\"description\" content=\"Mjeke Kardiologe (D.SH.M)\" \/>\n<meta name=\"robots\" content=\"index, follow, max-snippet:-1, max-image-preview:large, max-video-preview:-1\" \/>\n<link rel=\"canonical\" href=\"https:\/\/medicallife.al\/it\/majlinda-cafka\/\" \/>\n<meta property=\"og:locale\" content=\"it_IT\" \/>\n<meta property=\"og:type\" content=\"article\" \/>\n<meta property=\"og:title\" content=\"Prof. Asc. Majlinda Cafka\" \/>\n<meta property=\"og:description\" content=\"Mjeke Kardiologe (D.SH.M)\" \/>\n<meta property=\"og:url\" content=\"https:\/\/medicallife.al\/it\/majlinda-cafka\/\" \/>\n<meta property=\"og:site_name\" content=\"Medical Life\" \/>\n<meta property=\"article:publisher\" content=\"https:\/\/www.facebook.com\/al.medicallife\/\" \/>\n<meta property=\"article:modified_time\" content=\"2025-04-29T15:04:23+00:00\" \/>\n<meta property=\"og:image\" content=\"https:\/\/medicallife.al\/wp-content\/uploads\/2025\/03\/doctor.jpg\" \/>\n\t<meta property=\"og:image:width\" content=\"380\" \/>\n\t<meta property=\"og:image:height\" content=\"471\" \/>\n\t<meta property=\"og:image:type\" content=\"image\/jpeg\" \/>\n<meta name=\"twitter:card\" content=\"summary_large_image\" \/>\n<meta name=\"twitter:label1\" content=\"Tempo di lettura stimato\" \/>\n\t<meta name=\"twitter:data1\" content=\"1 minuto\" \/>\n<script type=\"application\/ld+json\" class=\"yoast-schema-graph\">{\"@context\":\"https:\/\/schema.org\",\"@graph\":[{\"@type\":\"WebPage\",\"@id\":\"https:\/\/medicallife.al\/majlinda-cafka\/\",\"url\":\"https:\/\/medicallife.al\/majlinda-cafka\/\",\"name\":\"Prof. Asc. Majlinda Cafka - Medical Life\",\"isPartOf\":{\"@id\":\"https:\/\/medicallife.al\/#website\"},\"primaryImageOfPage\":{\"@id\":\"https:\/\/medicallife.al\/majlinda-cafka\/#primaryimage\"},\"image\":{\"@id\":\"https:\/\/medicallife.al\/majlinda-cafka\/#primaryimage\"},\"thumbnailUrl\":\"https:\/\/medicallife.al\/wp-content\/uploads\/2025\/03\/doctor.jpg\",\"datePublished\":\"2025-01-10T07:16:08+00:00\",\"dateModified\":\"2025-04-29T15:04:23+00:00\",\"description\":\"Mjeke Kardiologe (D.SH.M)\",\"breadcrumb\":{\"@id\":\"https:\/\/medicallife.al\/majlinda-cafka\/#breadcrumb\"},\"inLanguage\":\"it-IT\",\"potentialAction\":[{\"@type\":\"ReadAction\",\"target\":[\"https:\/\/medicallife.al\/majlinda-cafka\/\"]}]},{\"@type\":\"ImageObject\",\"inLanguage\":\"it-IT\",\"@id\":\"https:\/\/medicallife.al\/majlinda-cafka\/#primaryimage\",\"url\":\"https:\/\/medicallife.al\/wp-content\/uploads\/2025\/03\/doctor.jpg\",\"contentUrl\":\"https:\/\/medicallife.al\/wp-content\/uploads\/2025\/03\/doctor.jpg\"},{\"@type\":\"BreadcrumbList\",\"@id\":\"https:\/\/medicallife.al\/majlinda-cafka\/#breadcrumb\",\"itemListElement\":[{\"@type\":\"ListItem\",\"position\":1,\"name\":\"Home\",\"item\":\"https:\/\/medicallife.al\/\"},{\"@type\":\"ListItem\",\"position\":2,\"name\":\"Prof. Asc. Majlinda Cafka\"}]},{\"@type\":\"WebSite\",\"@id\":\"https:\/\/medicallife.al\/#website\",\"url\":\"https:\/\/medicallife.al\/\",\"name\":\"Medical Life\",\"description\":\"\",\"publisher\":{\"@id\":\"https:\/\/medicallife.al\/#organization\"},\"potentialAction\":[{\"@type\":\"SearchAction\",\"target\":{\"@type\":\"EntryPoint\",\"urlTemplate\":\"https:\/\/medicallife.al\/?s={search_term_string}\"},\"query-input\":{\"@type\":\"PropertyValueSpecification\",\"valueRequired\":true,\"valueName\":\"search_term_string\"}}],\"inLanguage\":\"it-IT\"},{\"@type\":\"Organization\",\"@id\":\"https:\/\/medicallife.al\/#organization\",\"name\":\"Medical Life\",\"url\":\"https:\/\/medicallife.al\/\",\"logo\":{\"@type\":\"ImageObject\",\"inLanguage\":\"it-IT\",\"@id\":\"https:\/\/medicallife.al\/#\/schema\/logo\/image\/\",\"url\":\"https:\/\/medicallife.al\/wp-content\/uploads\/2025\/01\/medical-life.png\",\"contentUrl\":\"https:\/\/medicallife.al\/wp-content\/uploads\/2025\/01\/medical-life.png\",\"width\":342,\"height\":87,\"caption\":\"Medical Life\"},\"image\":{\"@id\":\"https:\/\/medicallife.al\/#\/schema\/logo\/image\/\"},\"sameAs\":[\"https:\/\/www.facebook.com\/al.medicallife\/\",\"https:\/\/www.instagram.com\/medicallife.al\/\",\"https:\/\/www.tiktok.com\/@medical_life12\"]}]}<\/script>\n<!-- \/ Yoast SEO Premium plugin. -->","yoast_head_json":{"title":"Prof. Asc. Majlinda Cafka - Medical Life","description":"Cardiologa (D.S.M.)","robots":{"index":"index","follow":"follow","max-snippet":"max-snippet:-1","max-image-preview":"max-image-preview:large","max-video-preview":"max-video-preview:-1"},"canonical":"https:\/\/medicallife.al\/it\/majlinda-cafka\/","og_locale":"it_IT","og_type":"article","og_title":"Prof. Asc. Majlinda Cafka","og_description":"Mjeke Kardiologe (D.SH.M)","og_url":"https:\/\/medicallife.al\/it\/majlinda-cafka\/","og_site_name":"Medical Life","article_publisher":"https:\/\/www.facebook.com\/al.medicallife\/","article_modified_time":"2025-04-29T15:04:23+00:00","og_image":[{"width":380,"height":471,"url":"https:\/\/medicallife.al\/wp-content\/uploads\/2025\/03\/doctor.jpg","type":"image\/jpeg"}],"twitter_card":"summary_large_image","twitter_misc":{"Tempo di lettura stimato":"1 minuto"},"schema":{"@context":"https:\/\/schema.org","@graph":[{"@type":"WebPage","@id":"https:\/\/medicallife.al\/majlinda-cafka\/","url":"https:\/\/medicallife.al\/majlinda-cafka\/","name":"Prof. Asc. Majlinda Cafka - Medical Life","isPartOf":{"@id":"https:\/\/medicallife.al\/#website"},"primaryImageOfPage":{"@id":"https:\/\/medicallife.al\/majlinda-cafka\/#primaryimage"},"image":{"@id":"https:\/\/medicallife.al\/majlinda-cafka\/#primaryimage"},"thumbnailUrl":"https:\/\/medicallife.al\/wp-content\/uploads\/2025\/03\/doctor.jpg","datePublished":"2025-01-10T07:16:08+00:00","dateModified":"2025-04-29T15:04:23+00:00","description":"Cardiologa (D.S.M.)","breadcrumb":{"@id":"https:\/\/medicallife.al\/majlinda-cafka\/#breadcrumb"},"inLanguage":"it-IT","potentialAction":[{"@type":"ReadAction","target":["https:\/\/medicallife.al\/majlinda-cafka\/"]}]},{"@type":"ImageObject","inLanguage":"it-IT","@id":"https:\/\/medicallife.al\/majlinda-cafka\/#primaryimage","url":"https:\/\/medicallife.al\/wp-content\/uploads\/2025\/03\/doctor.jpg","contentUrl":"https:\/\/medicallife.al\/wp-content\/uploads\/2025\/03\/doctor.jpg"},{"@type":"BreadcrumbList","@id":"https:\/\/medicallife.al\/majlinda-cafka\/#breadcrumb","itemListElement":[{"@type":"ListItem","position":1,"name":"Home","item":"https:\/\/medicallife.al\/"},{"@type":"ListItem","position":2,"name":"Prof. Asc. Majlinda Cafka"}]},{"@type":"WebSite","@id":"https:\/\/medicallife.al\/#website","url":"https:\/\/medicallife.al\/","name":"Medical Life","description":"","publisher":{"@id":"https:\/\/medicallife.al\/#organization"},"potentialAction":[{"@type":"SearchAction","target":{"@type":"EntryPoint","urlTemplate":"https:\/\/medicallife.al\/?s={search_term_string}"},"query-input":{"@type":"PropertyValueSpecification","valueRequired":true,"valueName":"search_term_string"}}],"inLanguage":"it-IT"},{"@type":"Organization","@id":"https:\/\/medicallife.al\/#organization","name":"Medical Life","url":"https:\/\/medicallife.al\/","logo":{"@type":"ImageObject","inLanguage":"it-IT","@id":"https:\/\/medicallife.al\/#\/schema\/logo\/image\/","url":"https:\/\/medicallife.al\/wp-content\/uploads\/2025\/01\/medical-life.png","contentUrl":"https:\/\/medicallife.al\/wp-content\/uploads\/2025\/01\/medical-life.png","width":342,"height":87,"caption":"Medical Life"},"image":{"@id":"https:\/\/medicallife.al\/#\/schema\/logo\/image\/"},"sameAs":["https:\/\/www.facebook.com\/al.medicallife\/","https:\/\/www.instagram.com\/medicallife.al\/","https:\/\/www.tiktok.com\/@medical_life12"]}]}},"_links":{"self":[{"href":"https:\/\/medicallife.al\/it\/wp-json\/wp\/v2\/pages\/1488","targetHints":{"allow":["GET"]}}],"collection":[{"href":"https:\/\/medicallife.al\/it\/wp-json\/wp\/v2\/pages"}],"about":[{"href":"https:\/\/medicallife.al\/it\/wp-json\/wp\/v2\/types\/page"}],"author":[{"embeddable":true,"href":"https:\/\/medicallife.al\/it\/wp-json\/wp\/v2\/users\/2"}],"replies":[{"embeddable":true,"href":"https:\/\/medicallife.al\/it\/wp-json\/wp\/v2\/comments?post=1488"}],"version-history":[{"count":1,"href":"https:\/\/medicallife.al\/it\/wp-json\/wp\/v2\/pages\/1488\/revisions"}],"predecessor-version":[{"id":2080,"href":"https:\/\/medicallife.al\/it\/wp-json\/wp\/v2\/pages\/1488\/revisions\/2080"}],"wp:attachment":[{"href":"https:\/\/medicallife.al\/it\/wp-json\/wp\/v2\/media?parent=1488"}],"curies":[{"name":"wp","href":"https:\/\/api.w.org\/{rel}","templated":true}]}}