{"id":3,"date":"2025-01-03T16:23:58","date_gmt":"2025-01-03T16:23:58","guid":{"rendered":"http:\/\/medicallife.al\/?page_id=3"},"modified":"2025-04-29T15:03:07","modified_gmt":"2025-04-29T15:03:07","slug":"termat-dhe-kushtet","status":"publish","type":"page","link":"https:\/\/medicallife.al\/it\/termat-dhe-kushtet\/","title":{"rendered":"Termini e Condizioni"},"content":{"rendered":"<div class=\"wpb-content-wrapper\"><div class=\"vc-row-container container\"><div class=\"vc_row wpb_row vc_row-fluid\"><div class=\"wpb_column vc_column_container vc_col-sm-12\"><div class=\"vc_column-inner\"><div class=\"wpb_wrapper\">\n\t<div class=\"wpb_text_column wpb_content_element post-formatting\" >\n\t\t<div class=\"wpb_wrapper\">\n\t\t\t<p data-start=\"158\" data-end=\"411\">Questi termini e condizioni si applicano all'uso dei servizi offerti su questo sito web. Utilizzando questo sito, accetti e accetti questi termini. Ti preghiamo di leggere attentamente questi termini prima di utilizzare i nostri servizi.<\/p>\n<ol data-start=\"413\" data-end=\"2339\">\n<li data-start=\"413\" data-end=\"691\">\n<p data-start=\"416\" data-end=\"691\"><strong data-start=\"416\" data-end=\"440\">Servizi che offriamo<\/strong><br data-start=\"440\" data-end=\"443\" \/>Offriamo servizi medici e assistenza sanitaria attraverso il nostro sito web. Questi servizi includono visite mediche, consultazioni specialistiche e vari procedimenti diagnostici e terapeutici, tutti forniti da professionisti qualificati.<\/p>\n<\/li>\n<li data-start=\"693\" data-end=\"1082\">\n<p data-start=\"696\" data-end=\"1082\"><strong data-start=\"696\" data-end=\"717\">Utilizzo del sito web<\/strong><br data-start=\"717\" data-end=\"720\" \/>Utilizzando questo sito, accetti di utilizzare i servizi in conformit\u00e0 con tutte le leggi e i regolamenti applicabili. Sei responsabile delle informazioni che fornisci su questo sito e accetti di garantire che queste informazioni siano accurate e complete. \u00c8 vietato utilizzare il sito per attivit\u00e0 illegali o dannose per il sito e per gli altri utenti.<\/p>\n<\/li>\n<li data-start=\"1084\" data-end=\"1387\">\n<p data-start=\"1087\" data-end=\"1387\"><strong data-start=\"1087\" data-end=\"1103\">Responsabilit\u00e0<\/strong><br data-start=\"1103\" data-end=\"1106\" \/>Offriamo servizi professionali, ma non siamo responsabili per le conseguenze che potrebbero derivare dall'uso di questi servizi. Qualsiasi decisione riguardo al trattamento medico \u00e8 nelle mani dei professionisti che forniscono i servizi e si basa sulle informazioni mediche e le raccomandazioni.<\/p>\n<\/li>\n<li data-start=\"1389\" data-end=\"1698\">\n<p data-start=\"1392\" data-end=\"1698\"><strong data-start=\"1392\" data-end=\"1428\">Uso dei dati personali<\/strong><br data-start=\"1428\" data-end=\"1431\" \/>I dati personali che potrebbero essere raccolti tramite il sito sono protetti dalle leggi applicabili sulla protezione dei dati. Ci impegniamo a gestire questi dati in modo responsabile e a utilizzarli solo per scopi relativi ai servizi che richiedi.<\/p>\n<\/li>\n<li data-start=\"1700\" data-end=\"1922\">\n<p data-start=\"1703\" data-end=\"1922\"><strong data-start=\"1703\" data-end=\"1742\">Modifiche ai termini e alle condizioni<\/strong><br data-start=\"1742\" data-end=\"1745\" \/>Possiamo modificare questi termini e condizioni in qualsiasi momento senza preavviso. Eventuali modifiche saranno pubblicate su questa pagina e diventeranno effettive immediatamente dopo la pubblicazione.<\/p>\n<\/li>\n<li data-start=\"1924\" data-end=\"2142\">\n<p data-start=\"1927\" data-end=\"2142\"><strong data-start=\"1927\" data-end=\"1957\">Link a siti web esterni<\/strong><br data-start=\"1957\" data-end=\"1960\" \/>Il nostro sito potrebbe contenere link ad altri siti web che non sono sotto il nostro controllo. Non siamo responsabili per il contenuto o per qualsiasi attivit\u00e0 dei siti web esterni.<\/p>\n<\/li>\n<li data-start=\"2144\" data-end=\"2339\">\n<p data-start=\"2147\" data-end=\"2339\"><strong data-start=\"2147\" data-end=\"2174\">Interruzione dell'uso<\/strong><br data-start=\"2174\" data-end=\"2177\" \/>Possiamo sospendere o interrompere l'accesso al sito e ai suoi servizi in qualsiasi momento se troviamo che hai violato questi termini e condizioni.<\/p>\n<\/li>\n<\/ol>\n\n\t\t<\/div>\n\t<\/div>\n<\/div><\/div><\/div><\/div><\/div><\/div>","protected":false},"excerpt":{"rendered":"K\u00ebto kushte dhe rregulla zbatojn\u00eb p\u00ebr p\u00ebrdorimin e sh\u00ebrbimeve q\u00eb ofrohen n\u00eb k\u00ebt\u00eb faqe interneti. Duke p\u00ebrdorur k\u00ebt\u00eb faqe, ju pranoni dhe pajtoheni me k\u00ebto kushte dhe rregulla. Ju lutemi lexoni me kujdes k\u00ebto kushte p\u00ebrpara se t\u00eb p\u00ebrdorni sh\u00ebrbimet tona. Sh\u00ebrbimet q\u00eb ofrojm\u00ebNe ofrojm\u00eb sh\u00ebrbime mjek\u00ebsore dhe kujdes sh\u00ebndet\u00ebsor p\u00ebrmes faqes ton\u00eb. Sh\u00ebrbimet p\u00ebrfshijn\u00eb&hellip;","protected":false},"author":2,"featured_media":0,"parent":0,"menu_order":0,"comment_status":"closed","ping_status":"closed","template":"","meta":{"_acf_changed":false,"footnotes":""},"class_list":["post-3","page","type-page","status-publish","hentry"],"acf":[],"yoast_head":"<!-- This site is optimized with the Yoast SEO Premium plugin v27.0 (Yoast SEO v27.0) - https:\/\/yoast.com\/product\/yoast-seo-premium-wordpress\/ -->\n<title>Termat dhe Kushtet - Medical Life<\/title>\n<meta name=\"description\" content=\"Lexoni kushtet dhe termat e p\u00ebrdorimit t\u00eb faqes Medical Life p\u00ebr t\u00eb kuptuar rregullat e aksesit, p\u00ebrmbajtjes dhe sh\u00ebrbimeve q\u00eb ne ofrojm\u00eb.\" \/>\n<meta name=\"robots\" content=\"index, follow, max-snippet:-1, max-image-preview:large, max-video-preview:-1\" \/>\n<link rel=\"canonical\" href=\"https:\/\/medicallife.al\/it\/termat-dhe-kushtet\/\" \/>\n<meta property=\"og:locale\" content=\"it_IT\" \/>\n<meta property=\"og:type\" content=\"article\" \/>\n<meta property=\"og:title\" content=\"Termat dhe Kushtet\" \/>\n<meta property=\"og:description\" content=\"Lexoni kushtet dhe termat e p\u00ebrdorimit t\u00eb faqes Medical Life p\u00ebr t\u00eb kuptuar rregullat e aksesit, p\u00ebrmbajtjes dhe sh\u00ebrbimeve q\u00eb ne ofrojm\u00eb.\" \/>\n<meta property=\"og:url\" content=\"https:\/\/medicallife.al\/it\/termat-dhe-kushtet\/\" \/>\n<meta property=\"og:site_name\" content=\"Medical Life\" \/>\n<meta property=\"article:publisher\" content=\"https:\/\/www.facebook.com\/al.medicallife\/\" \/>\n<meta property=\"article:modified_time\" content=\"2025-04-29T15:03:07+00:00\" \/>\n<meta name=\"twitter:card\" content=\"summary_large_image\" \/>\n<meta name=\"twitter:label1\" content=\"Tempo di lettura stimato\" \/>\n\t<meta name=\"twitter:data1\" content=\"2 minuti\" \/>\n<script type=\"application\/ld+json\" class=\"yoast-schema-graph\">{\"@context\":\"https:\/\/schema.org\",\"@graph\":[{\"@type\":\"WebPage\",\"@id\":\"https:\/\/medicallife.al\/termat-dhe-kushtet\/\",\"url\":\"https:\/\/medicallife.al\/termat-dhe-kushtet\/\",\"name\":\"Termat dhe Kushtet - Medical Life\",\"isPartOf\":{\"@id\":\"https:\/\/medicallife.al\/#website\"},\"datePublished\":\"2025-01-03T16:23:58+00:00\",\"dateModified\":\"2025-04-29T15:03:07+00:00\",\"description\":\"Lexoni kushtet dhe termat e p\u00ebrdorimit t\u00eb faqes Medical Life p\u00ebr t\u00eb kuptuar rregullat e aksesit, p\u00ebrmbajtjes dhe sh\u00ebrbimeve q\u00eb ne ofrojm\u00eb.\",\"breadcrumb\":{\"@id\":\"https:\/\/medicallife.al\/termat-dhe-kushtet\/#breadcrumb\"},\"inLanguage\":\"it-IT\",\"potentialAction\":[{\"@type\":\"ReadAction\",\"target\":[\"https:\/\/medicallife.al\/termat-dhe-kushtet\/\"]}]},{\"@type\":\"BreadcrumbList\",\"@id\":\"https:\/\/medicallife.al\/termat-dhe-kushtet\/#breadcrumb\",\"itemListElement\":[{\"@type\":\"ListItem\",\"position\":1,\"name\":\"Home\",\"item\":\"https:\/\/medicallife.al\/\"},{\"@type\":\"ListItem\",\"position\":2,\"name\":\"Termat dhe Kushtet\"}]},{\"@type\":\"WebSite\",\"@id\":\"https:\/\/medicallife.al\/#website\",\"url\":\"https:\/\/medicallife.al\/\",\"name\":\"Medical Life\",\"description\":\"\",\"publisher\":{\"@id\":\"https:\/\/medicallife.al\/#organization\"},\"potentialAction\":[{\"@type\":\"SearchAction\",\"target\":{\"@type\":\"EntryPoint\",\"urlTemplate\":\"https:\/\/medicallife.al\/?s={search_term_string}\"},\"query-input\":{\"@type\":\"PropertyValueSpecification\",\"valueRequired\":true,\"valueName\":\"search_term_string\"}}],\"inLanguage\":\"it-IT\"},{\"@type\":\"Organization\",\"@id\":\"https:\/\/medicallife.al\/#organization\",\"name\":\"Medical Life\",\"url\":\"https:\/\/medicallife.al\/\",\"logo\":{\"@type\":\"ImageObject\",\"inLanguage\":\"it-IT\",\"@id\":\"https:\/\/medicallife.al\/#\/schema\/logo\/image\/\",\"url\":\"https:\/\/medicallife.al\/wp-content\/uploads\/2025\/01\/medical-life.png\",\"contentUrl\":\"https:\/\/medicallife.al\/wp-content\/uploads\/2025\/01\/medical-life.png\",\"width\":342,\"height\":87,\"caption\":\"Medical Life\"},\"image\":{\"@id\":\"https:\/\/medicallife.al\/#\/schema\/logo\/image\/\"},\"sameAs\":[\"https:\/\/www.facebook.com\/al.medicallife\/\",\"https:\/\/www.instagram.com\/medicallife.al\/\",\"https:\/\/www.tiktok.com\/@medical_life12\"]}]}<\/script>\n<!-- \/ Yoast SEO Premium plugin. -->","yoast_head_json":{"title":"Termat dhe Kushtet - Medical Life","description":"Lexoni kushtet dhe termat e p\u00ebrdorimit t\u00eb faqes Medical Life p\u00ebr t\u00eb kuptuar rregullat e aksesit, p\u00ebrmbajtjes dhe sh\u00ebrbimeve q\u00eb ne ofrojm\u00eb.","robots":{"index":"index","follow":"follow","max-snippet":"max-snippet:-1","max-image-preview":"max-image-preview:large","max-video-preview":"max-video-preview:-1"},"canonical":"https:\/\/medicallife.al\/it\/termat-dhe-kushtet\/","og_locale":"it_IT","og_type":"article","og_title":"Termat dhe Kushtet","og_description":"Lexoni kushtet dhe termat e p\u00ebrdorimit t\u00eb faqes Medical Life p\u00ebr t\u00eb kuptuar rregullat e aksesit, p\u00ebrmbajtjes dhe sh\u00ebrbimeve q\u00eb ne ofrojm\u00eb.","og_url":"https:\/\/medicallife.al\/it\/termat-dhe-kushtet\/","og_site_name":"Medical Life","article_publisher":"https:\/\/www.facebook.com\/al.medicallife\/","article_modified_time":"2025-04-29T15:03:07+00:00","twitter_card":"summary_large_image","twitter_misc":{"Tempo di lettura stimato":"2 minuti"},"schema":{"@context":"https:\/\/schema.org","@graph":[{"@type":"WebPage","@id":"https:\/\/medicallife.al\/termat-dhe-kushtet\/","url":"https:\/\/medicallife.al\/termat-dhe-kushtet\/","name":"Termat dhe Kushtet - Medical Life","isPartOf":{"@id":"https:\/\/medicallife.al\/#website"},"datePublished":"2025-01-03T16:23:58+00:00","dateModified":"2025-04-29T15:03:07+00:00","description":"Lexoni kushtet dhe termat e p\u00ebrdorimit t\u00eb faqes Medical Life p\u00ebr t\u00eb kuptuar rregullat e aksesit, p\u00ebrmbajtjes dhe sh\u00ebrbimeve q\u00eb ne ofrojm\u00eb.","breadcrumb":{"@id":"https:\/\/medicallife.al\/termat-dhe-kushtet\/#breadcrumb"},"inLanguage":"it-IT","potentialAction":[{"@type":"ReadAction","target":["https:\/\/medicallife.al\/termat-dhe-kushtet\/"]}]},{"@type":"BreadcrumbList","@id":"https:\/\/medicallife.al\/termat-dhe-kushtet\/#breadcrumb","itemListElement":[{"@type":"ListItem","position":1,"name":"Home","item":"https:\/\/medicallife.al\/"},{"@type":"ListItem","position":2,"name":"Termat dhe Kushtet"}]},{"@type":"WebSite","@id":"https:\/\/medicallife.al\/#website","url":"https:\/\/medicallife.al\/","name":"Medical Life","description":"","publisher":{"@id":"https:\/\/medicallife.al\/#organization"},"potentialAction":[{"@type":"SearchAction","target":{"@type":"EntryPoint","urlTemplate":"https:\/\/medicallife.al\/?s={search_term_string}"},"query-input":{"@type":"PropertyValueSpecification","valueRequired":true,"valueName":"search_term_string"}}],"inLanguage":"it-IT"},{"@type":"Organization","@id":"https:\/\/medicallife.al\/#organization","name":"Medical Life","url":"https:\/\/medicallife.al\/","logo":{"@type":"ImageObject","inLanguage":"it-IT","@id":"https:\/\/medicallife.al\/#\/schema\/logo\/image\/","url":"https:\/\/medicallife.al\/wp-content\/uploads\/2025\/01\/medical-life.png","contentUrl":"https:\/\/medicallife.al\/wp-content\/uploads\/2025\/01\/medical-life.png","width":342,"height":87,"caption":"Medical Life"},"image":{"@id":"https:\/\/medicallife.al\/#\/schema\/logo\/image\/"},"sameAs":["https:\/\/www.facebook.com\/al.medicallife\/","https:\/\/www.instagram.com\/medicallife.al\/","https:\/\/www.tiktok.com\/@medical_life12"]}]}},"_links":{"self":[{"href":"https:\/\/medicallife.al\/it\/wp-json\/wp\/v2\/pages\/3","targetHints":{"allow":["GET"]}}],"collection":[{"href":"https:\/\/medicallife.al\/it\/wp-json\/wp\/v2\/pages"}],"about":[{"href":"https:\/\/medicallife.al\/it\/wp-json\/wp\/v2\/types\/page"}],"author":[{"embeddable":true,"href":"https:\/\/medicallife.al\/it\/wp-json\/wp\/v2\/users\/2"}],"replies":[{"embeddable":true,"href":"https:\/\/medicallife.al\/it\/wp-json\/wp\/v2\/comments?post=3"}],"version-history":[{"count":1,"href":"https:\/\/medicallife.al\/it\/wp-json\/wp\/v2\/pages\/3\/revisions"}],"predecessor-version":[{"id":2076,"href":"https:\/\/medicallife.al\/it\/wp-json\/wp\/v2\/pages\/3\/revisions\/2076"}],"wp:attachment":[{"href":"https:\/\/medicallife.al\/it\/wp-json\/wp\/v2\/media?parent=3"}],"curies":[{"name":"wp","href":"https:\/\/api.w.org\/{rel}","templated":true}]}}